{"id":3250,"date":"2022-11-01T13:01:17","date_gmt":"2022-11-01T13:01:17","guid":{"rendered":"https:\/\/yak.cat\/historia\/"},"modified":"2023-01-13T19:06:07","modified_gmt":"2023-01-13T19:06:07","slug":"historia","status":"publish","type":"page","link":"https:\/\/yak.cat\/es\/historia\/","title":{"rendered":"Historia"},"content":{"rendered":"\t\t<div data-elementor-type=\"wp-page\" data-elementor-id=\"3250\" class=\"elementor elementor-3250 elementor-2070\" data-elementor-post-type=\"page\">\n\t\t\t\t\t\t<section class=\"elementor-section elementor-top-section elementor-element elementor-element-a468786 elementor-section-boxed elementor-section-height-default elementor-section-height-default\" data-id=\"a468786\" data-element_type=\"section\" data-settings=\"{&quot;background_background&quot;:&quot;classic&quot;}\">\n\t\t\t\t\t\t<div class=\"elementor-container elementor-column-gap-default\">\n\t\t\t\t\t<div class=\"elementor-column elementor-col-100 elementor-top-column elementor-element elementor-element-7b400d6\" data-id=\"7b400d6\" data-element_type=\"column\" data-settings=\"{&quot;background_background&quot;:&quot;classic&quot;}\">\n\t\t\t<div class=\"elementor-widget-wrap elementor-element-populated\">\n\t\t\t\t\t\t<div class=\"elementor-element elementor-element-70e8e7a elementor-widget elementor-widget-heading\" data-id=\"70e8e7a\" data-element_type=\"widget\" data-widget_type=\"heading.default\">\n\t\t\t\t<div class=\"elementor-widget-container\">\n\t\t\t\t\t<h1 class=\"elementor-heading-title elementor-size-default\">Historia<\/h1>\t\t\t\t<\/div>\n\t\t\t\t<\/div>\n\t\t\t\t<div class=\"elementor-element elementor-element-a2e7095 elementor-widget elementor-widget-spacer\" data-id=\"a2e7095\" data-element_type=\"widget\" data-widget_type=\"spacer.default\">\n\t\t\t\t<div class=\"elementor-widget-container\">\n\t\t\t\t\t\t\t<div class=\"elementor-spacer\">\n\t\t\t<div class=\"elementor-spacer-inner\"><\/div>\n\t\t<\/div>\n\t\t\t\t\t\t<\/div>\n\t\t\t\t<\/div>\n\t\t\t\t<section class=\"elementor-section elementor-inner-section elementor-element elementor-element-fa85205 elementor-section-height-min-height elementor-section-boxed elementor-section-height-default elementor-invisible\" data-id=\"fa85205\" data-element_type=\"section\" data-settings=\"{&quot;animation&quot;:&quot;fadeInUp&quot;,&quot;motion_fx_motion_fx_scrolling&quot;:&quot;yes&quot;,&quot;motion_fx_translateY_effect&quot;:&quot;yes&quot;,&quot;motion_fx_translateY_speed&quot;:{&quot;unit&quot;:&quot;px&quot;,&quot;size&quot;:4,&quot;sizes&quot;:[]},&quot;motion_fx_translateY_affectedRange&quot;:{&quot;unit&quot;:&quot;%&quot;,&quot;size&quot;:&quot;&quot;,&quot;sizes&quot;:{&quot;start&quot;:0,&quot;end&quot;:100}},&quot;motion_fx_devices&quot;:[&quot;desktop&quot;,&quot;laptop&quot;,&quot;tablet&quot;,&quot;mobile_extra&quot;,&quot;mobile&quot;]}\">\n\t\t\t\t\t\t<div class=\"elementor-container elementor-column-gap-wider\">\n\t\t\t\t\t<div class=\"make-column-clickable-elementor elementor-column elementor-col-100 elementor-inner-column elementor-element elementor-element-725a7da\" style=\"cursor: pointer;\" data-column-clickable=\"https:\/\/yak.cat\/fabricacio-de-pinso\/\" data-column-clickable-blank=\"_self\" data-id=\"725a7da\" data-element_type=\"column\" data-settings=\"{&quot;background_background&quot;:&quot;classic&quot;}\">\n\t\t\t<div class=\"elementor-widget-wrap\">\n\t\t\t\t\t<div class=\"elementor-background-overlay\"><\/div>\n\t\t\t\t\t\t\t<\/div>\n\t\t<\/div>\n\t\t\t\t\t<\/div>\n\t\t<\/section>\n\t\t\t\t\t<\/div>\n\t\t<\/div>\n\t\t\t\t\t<\/div>\n\t\t<\/section>\n\t\t\t\t<section class=\"elementor-section elementor-top-section elementor-element elementor-element-1ef25728 elementor-section-boxed elementor-section-height-default elementor-section-height-default\" data-id=\"1ef25728\" data-element_type=\"section\" data-settings=\"{&quot;background_background&quot;:&quot;classic&quot;}\">\n\t\t\t\t\t\t<div class=\"elementor-container elementor-column-gap-no\">\n\t\t\t\t\t<div class=\"elementor-column elementor-col-100 elementor-top-column elementor-element elementor-element-211a3f47\" data-id=\"211a3f47\" data-element_type=\"column\">\n\t\t\t<div class=\"elementor-widget-wrap elementor-element-populated\">\n\t\t\t\t\t\t<section class=\"elementor-section elementor-inner-section elementor-element elementor-element-f3e6d05 elementor-section-content-top elementor-section-boxed elementor-section-height-default elementor-section-height-default\" data-id=\"f3e6d05\" data-element_type=\"section\">\n\t\t\t\t\t\t<div class=\"elementor-container elementor-column-gap-default\">\n\t\t\t\t\t<div class=\"elementor-column elementor-col-50 elementor-inner-column elementor-element elementor-element-62594c1c\" data-id=\"62594c1c\" data-element_type=\"column\">\n\t\t\t<div class=\"elementor-widget-wrap elementor-element-populated\">\n\t\t\t\t\t\t<div class=\"elementor-element elementor-element-af5d422 elementor-widget elementor-widget-heading\" data-id=\"af5d422\" data-element_type=\"widget\" data-widget_type=\"heading.default\">\n\t\t\t\t<div class=\"elementor-widget-container\">\n\t\t\t\t\t<h2 class=\"elementor-heading-title elementor-size-default\">Desde 1956 trabajamos con convicci\u00f3n y gran sentido de la responsabilidad.<\/h2>\t\t\t\t<\/div>\n\t\t\t\t<\/div>\n\t\t\t\t\t<\/div>\n\t\t<\/div>\n\t\t\t\t<div class=\"elementor-column elementor-col-50 elementor-inner-column elementor-element elementor-element-c50c27\" data-id=\"c50c27\" data-element_type=\"column\">\n\t\t\t<div class=\"elementor-widget-wrap elementor-element-populated\">\n\t\t\t\t\t\t<div class=\"elementor-element elementor-element-29b6ef6 elementor-widget elementor-widget-text-editor\" data-id=\"29b6ef6\" data-element_type=\"widget\" data-widget_type=\"text-editor.default\">\n\t\t\t\t<div class=\"elementor-widget-container\">\n\t\t\t\t\t\t\t\t\t<p><span style=\"color: var( --e-global-color-primary ); font-family: var( --e-global-typography-primary-font-family ), Sans-serif; font-weight: var( --e-global-typography-primary-font-weight ); background-color: var( --e-global-color-c98199d ); letter-spacing: 0.1px;\">Nuestro origen se remonta a los a\u00f1os sesenta con la compraventa de cereal y el transporte de materias primas entre f\u00e1bricas de pienso. Con los a\u00f1os, el negocio ha ido creciendo y la alimentaci\u00f3n animal y la producci\u00f3n porcina se han convertido en las principales actividades.<\/span><\/p>\n<p><span style=\"color: var( --e-global-color-primary ); font-family: var( --e-global-typography-primary-font-family ), Sans-serif; font-weight: var( --e-global-typography-primary-font-weight ); background-color: var( --e-global-color-c98199d ); letter-spacing: 0.1px;\"><br \/><\/span><\/p>\n<p><span style=\"color: var( --e-global-color-primary ); font-family: var( --e-global-typography-primary-font-family ), Sans-serif; font-weight: var( --e-global-typography-primary-font-weight ); background-color: var( --e-global-color-c98199d ); letter-spacing: 0.1px;\">Todos los d\u00edas todo el equipo seguimos trabajamos con convencimiento para seguir creciendo y afrontando nuevos retos.<\/span><\/p>\n\t\t\t\t\t\t\t\t<\/div>\n\t\t\t\t<\/div>\n\t\t\t\t\t<\/div>\n\t\t<\/div>\n\t\t\t\t\t<\/div>\n\t\t<\/section>\n\t\t\t\t\t<\/div>\n\t\t<\/div>\n\t\t\t\t\t<\/div>\n\t\t<\/section>\n\t\t\t\t<section class=\"elementor-section elementor-top-section elementor-element elementor-element-4c8f07e elementor-section-boxed elementor-section-height-default elementor-section-height-default\" data-id=\"4c8f07e\" data-element_type=\"section\">\n\t\t\t\t\t\t<div class=\"elementor-container elementor-column-gap-default\">\n\t\t\t\t\t<div class=\"elementor-column elementor-col-100 elementor-top-column elementor-element elementor-element-e391092\" data-id=\"e391092\" data-element_type=\"column\">\n\t\t\t<div class=\"elementor-widget-wrap elementor-element-populated\">\n\t\t\t\t\t\t<div class=\"elementor-element elementor-element-51f43d0 elementor-widget elementor-widget-spacer\" data-id=\"51f43d0\" data-element_type=\"widget\" data-widget_type=\"spacer.default\">\n\t\t\t\t<div class=\"elementor-widget-container\">\n\t\t\t\t\t\t\t<div class=\"elementor-spacer\">\n\t\t\t<div class=\"elementor-spacer-inner\"><\/div>\n\t\t<\/div>\n\t\t\t\t\t\t<\/div>\n\t\t\t\t<\/div>\n\t\t\t\t\t<\/div>\n\t\t<\/div>\n\t\t\t\t\t<\/div>\n\t\t<\/section>\n\t\t\t\t<section class=\"elementor-section elementor-top-section elementor-element elementor-element-53696f6 elementor-section-boxed elementor-section-height-default elementor-section-height-default\" data-id=\"53696f6\" data-element_type=\"section\" data-settings=\"{&quot;background_background&quot;:&quot;classic&quot;,&quot;background_motion_fx_motion_fx_scrolling&quot;:&quot;yes&quot;,&quot;background_motion_fx_translateY_effect&quot;:&quot;yes&quot;,&quot;background_motion_fx_translateY_speed&quot;:{&quot;unit&quot;:&quot;px&quot;,&quot;size&quot;:4,&quot;sizes&quot;:[]},&quot;background_motion_fx_translateY_affectedRange&quot;:{&quot;unit&quot;:&quot;%&quot;,&quot;size&quot;:&quot;&quot;,&quot;sizes&quot;:{&quot;start&quot;:0,&quot;end&quot;:100}},&quot;background_motion_fx_devices&quot;:[&quot;desktop&quot;,&quot;laptop&quot;,&quot;tablet&quot;,&quot;mobile_extra&quot;,&quot;mobile&quot;]}\">\n\t\t\t\t\t\t\t<div class=\"elementor-background-overlay\"><\/div>\n\t\t\t\t\t\t\t<div class=\"elementor-container elementor-column-gap-default\">\n\t\t\t\t\t<div class=\"elementor-column elementor-col-100 elementor-top-column elementor-element elementor-element-9b8842d\" data-id=\"9b8842d\" data-element_type=\"column\">\n\t\t\t<div class=\"elementor-widget-wrap\">\n\t\t\t\t\t\t\t<\/div>\n\t\t<\/div>\n\t\t\t\t\t<\/div>\n\t\t<\/section>\n\t\t\t\t<\/div>\n\t\t","protected":false},"excerpt":{"rendered":"<p>Historia Desde 1956 trabajamos con convicci\u00f3n y gran sentido de la responsabilidad. Nuestro origen se remonta a los a\u00f1os sesenta con la compraventa de cereal y el transporte de materias primas entre f\u00e1bricas de pienso. Con los a\u00f1os, el negocio ha ido creciendo y la alimentaci\u00f3n animal y la producci\u00f3n porcina se han convertido en &#8230; <a title=\"Historia\" class=\"read-more\" href=\"https:\/\/yak.cat\/es\/historia\/\" aria-label=\"Leer m\u00e1s sobre Historia\">Leer m\u00e1s<\/a><\/p>\n","protected":false},"author":1,"featured_media":0,"parent":0,"menu_order":0,"comment_status":"closed","ping_status":"closed","template":"elementor_header_footer","meta":{"footnotes":""},"class_list":["post-3250","page","type-page","status-publish"],"yoast_head":"<!-- This site is optimized with the Yoast SEO plugin v27.3 - https:\/\/yoast.com\/product\/yoast-seo-wordpress\/ -->\n<title>Historia | Pinsos Yak<\/title>\n<meta name=\"robots\" content=\"index, follow, max-snippet:-1, max-image-preview:large, max-video-preview:-1\" \/>\n<link rel=\"canonical\" href=\"https:\/\/yak.cat\/es\/historia\/\" \/>\n<meta property=\"og:locale\" content=\"es_ES\" \/>\n<meta property=\"og:type\" content=\"article\" \/>\n<meta property=\"og:title\" content=\"Historia | Pinsos Yak\" \/>\n<meta property=\"og:description\" content=\"Historia Desde 1956 trabajamos con convicci\u00f3n y gran sentido de la responsabilidad. Nuestro origen se remonta a los a\u00f1os sesenta con la compraventa de cereal y el transporte de materias primas entre f\u00e1bricas de pienso. Con los a\u00f1os, el negocio ha ido creciendo y la alimentaci\u00f3n animal y la producci\u00f3n porcina se han convertido en ... Leer m\u00e1s\" \/>\n<meta property=\"og:url\" content=\"https:\/\/yak.cat\/es\/historia\/\" \/>\n<meta property=\"og:site_name\" content=\"Pinsos Yak\" \/>\n<meta property=\"article:modified_time\" content=\"2023-01-13T19:06:07+00:00\" \/>\n<meta name=\"twitter:card\" content=\"summary_large_image\" \/>\n<script type=\"application\/ld+json\" class=\"yoast-schema-graph\">{\"@context\":\"https:\\\/\\\/schema.org\",\"@graph\":[{\"@type\":\"WebPage\",\"@id\":\"https:\\\/\\\/yak.cat\\\/es\\\/historia\\\/\",\"url\":\"https:\\\/\\\/yak.cat\\\/es\\\/historia\\\/\",\"name\":\"Historia | Pinsos Yak\",\"isPartOf\":{\"@id\":\"https:\\\/\\\/yak.cat\\\/es\\\/#website\"},\"datePublished\":\"2022-11-01T13:01:17+00:00\",\"dateModified\":\"2023-01-13T19:06:07+00:00\",\"breadcrumb\":{\"@id\":\"https:\\\/\\\/yak.cat\\\/es\\\/historia\\\/#breadcrumb\"},\"inLanguage\":\"es\",\"potentialAction\":[{\"@type\":\"ReadAction\",\"target\":[\"https:\\\/\\\/yak.cat\\\/es\\\/historia\\\/\"]}]},{\"@type\":\"BreadcrumbList\",\"@id\":\"https:\\\/\\\/yak.cat\\\/es\\\/historia\\\/#breadcrumb\",\"itemListElement\":[{\"@type\":\"ListItem\",\"position\":1,\"name\":\"Portada\",\"item\":\"https:\\\/\\\/yak.cat\\\/es\\\/\"},{\"@type\":\"ListItem\",\"position\":2,\"name\":\"Historia\"}]},{\"@type\":\"WebSite\",\"@id\":\"https:\\\/\\\/yak.cat\\\/es\\\/#website\",\"url\":\"https:\\\/\\\/yak.cat\\\/es\\\/\",\"name\":\"Pinsos Yak\",\"description\":\"A la base de l&#039;alimentaci\u00f3 sostenible\",\"publisher\":{\"@id\":\"https:\\\/\\\/yak.cat\\\/es\\\/#organization\"},\"potentialAction\":[{\"@type\":\"SearchAction\",\"target\":{\"@type\":\"EntryPoint\",\"urlTemplate\":\"https:\\\/\\\/yak.cat\\\/es\\\/?s={search_term_string}\"},\"query-input\":{\"@type\":\"PropertyValueSpecification\",\"valueRequired\":true,\"valueName\":\"search_term_string\"}}],\"inLanguage\":\"es\"},{\"@type\":\"Organization\",\"@id\":\"https:\\\/\\\/yak.cat\\\/es\\\/#organization\",\"name\":\"Pinsos Yak\",\"url\":\"https:\\\/\\\/yak.cat\\\/es\\\/\",\"logo\":{\"@type\":\"ImageObject\",\"inLanguage\":\"es\",\"@id\":\"https:\\\/\\\/yak.cat\\\/es\\\/#\\\/schema\\\/logo\\\/image\\\/\",\"url\":\"https:\\\/\\\/yak.cat\\\/wp-content\\\/uploads\\\/2022\\\/06\\\/cropped-android-chrome-512x512-1.png\",\"contentUrl\":\"https:\\\/\\\/yak.cat\\\/wp-content\\\/uploads\\\/2022\\\/06\\\/cropped-android-chrome-512x512-1.png\",\"width\":512,\"height\":512,\"caption\":\"Pinsos Yak\"},\"image\":{\"@id\":\"https:\\\/\\\/yak.cat\\\/es\\\/#\\\/schema\\\/logo\\\/image\\\/\"}}]}<\/script>\n<!-- \/ Yoast SEO plugin. -->","yoast_head_json":{"title":"Historia | Pinsos Yak","robots":{"index":"index","follow":"follow","max-snippet":"max-snippet:-1","max-image-preview":"max-image-preview:large","max-video-preview":"max-video-preview:-1"},"canonical":"https:\/\/yak.cat\/es\/historia\/","og_locale":"es_ES","og_type":"article","og_title":"Historia | Pinsos Yak","og_description":"Historia Desde 1956 trabajamos con convicci\u00f3n y gran sentido de la responsabilidad. Nuestro origen se remonta a los a\u00f1os sesenta con la compraventa de cereal y el transporte de materias primas entre f\u00e1bricas de pienso. Con los a\u00f1os, el negocio ha ido creciendo y la alimentaci\u00f3n animal y la producci\u00f3n porcina se han convertido en ... Leer m\u00e1s","og_url":"https:\/\/yak.cat\/es\/historia\/","og_site_name":"Pinsos Yak","article_modified_time":"2023-01-13T19:06:07+00:00","twitter_card":"summary_large_image","schema":{"@context":"https:\/\/schema.org","@graph":[{"@type":"WebPage","@id":"https:\/\/yak.cat\/es\/historia\/","url":"https:\/\/yak.cat\/es\/historia\/","name":"Historia | Pinsos Yak","isPartOf":{"@id":"https:\/\/yak.cat\/es\/#website"},"datePublished":"2022-11-01T13:01:17+00:00","dateModified":"2023-01-13T19:06:07+00:00","breadcrumb":{"@id":"https:\/\/yak.cat\/es\/historia\/#breadcrumb"},"inLanguage":"es","potentialAction":[{"@type":"ReadAction","target":["https:\/\/yak.cat\/es\/historia\/"]}]},{"@type":"BreadcrumbList","@id":"https:\/\/yak.cat\/es\/historia\/#breadcrumb","itemListElement":[{"@type":"ListItem","position":1,"name":"Portada","item":"https:\/\/yak.cat\/es\/"},{"@type":"ListItem","position":2,"name":"Historia"}]},{"@type":"WebSite","@id":"https:\/\/yak.cat\/es\/#website","url":"https:\/\/yak.cat\/es\/","name":"Pinsos Yak","description":"A la base de l&#039;alimentaci\u00f3 sostenible","publisher":{"@id":"https:\/\/yak.cat\/es\/#organization"},"potentialAction":[{"@type":"SearchAction","target":{"@type":"EntryPoint","urlTemplate":"https:\/\/yak.cat\/es\/?s={search_term_string}"},"query-input":{"@type":"PropertyValueSpecification","valueRequired":true,"valueName":"search_term_string"}}],"inLanguage":"es"},{"@type":"Organization","@id":"https:\/\/yak.cat\/es\/#organization","name":"Pinsos Yak","url":"https:\/\/yak.cat\/es\/","logo":{"@type":"ImageObject","inLanguage":"es","@id":"https:\/\/yak.cat\/es\/#\/schema\/logo\/image\/","url":"https:\/\/yak.cat\/wp-content\/uploads\/2022\/06\/cropped-android-chrome-512x512-1.png","contentUrl":"https:\/\/yak.cat\/wp-content\/uploads\/2022\/06\/cropped-android-chrome-512x512-1.png","width":512,"height":512,"caption":"Pinsos Yak"},"image":{"@id":"https:\/\/yak.cat\/es\/#\/schema\/logo\/image\/"}}]}},"_links":{"self":[{"href":"https:\/\/yak.cat\/es\/wp-json\/wp\/v2\/pages\/3250","targetHints":{"allow":["GET"]}}],"collection":[{"href":"https:\/\/yak.cat\/es\/wp-json\/wp\/v2\/pages"}],"about":[{"href":"https:\/\/yak.cat\/es\/wp-json\/wp\/v2\/types\/page"}],"author":[{"embeddable":true,"href":"https:\/\/yak.cat\/es\/wp-json\/wp\/v2\/users\/1"}],"replies":[{"embeddable":true,"href":"https:\/\/yak.cat\/es\/wp-json\/wp\/v2\/comments?post=3250"}],"version-history":[{"count":4,"href":"https:\/\/yak.cat\/es\/wp-json\/wp\/v2\/pages\/3250\/revisions"}],"predecessor-version":[{"id":3300,"href":"https:\/\/yak.cat\/es\/wp-json\/wp\/v2\/pages\/3250\/revisions\/3300"}],"wp:attachment":[{"href":"https:\/\/yak.cat\/es\/wp-json\/wp\/v2\/media?parent=3250"}],"curies":[{"name":"wp","href":"https:\/\/api.w.org\/{rel}","templated":true}]}}